{"id":42,"date":"2018-05-25T14:25:11","date_gmt":"2018-05-25T17:25:11","guid":{"rendered":"http:\/\/www.clauwan.com.br\/blog\/?page_id=42"},"modified":"2021-07-23T00:40:22","modified_gmt":"2021-07-23T03:40:22","slug":"locacao-de-maquina-de-snacks","status":"publish","type":"page","link":"https:\/\/www.clauwan.com.br\/blog\/locacao-de-maquina-de-snacks\/","title":{"rendered":"Loca\u00e7\u00e3o de M\u00e1quina de Snacks para Empresas"},"content":{"rendered":"<h2><img loading=\"lazy\" class=\"alignright\" title=\"Loca\u00e7\u00e3o de M\u00e1quina de Snacks\" src=\"http:\/\/clauwan.com.br\/static\/images\/vending-machine-snakky-max.jpg\" alt=\"Loca\u00e7\u00e3o de M\u00e1quina de Snacks\" width=\"192\" height=\"432\" \/>LOCA\u00c7\u00c3O DE M\u00c1QUINA DE SNACKS<\/h2>\n<p>No entanto, com somente algumas medidas\u00a0 \u00e9 poss\u00edvel montar um refeit\u00f3rio completo em empresas, estabelecimentos comerciais, atrav\u00e9s da\u00a0loca\u00e7\u00e3o de m\u00e1quina de snacks. Com a m\u00e1quina, pode-se fornecer snacks, guloseimas, chocolates, balas, doces, sucos e bebidas em lata, garantindo um card\u00e1pio diversificado.<\/p>\n<p>Portanto, o servi\u00e7o de\u00a0loca\u00e7\u00e3o de m\u00e1quina de lanches\u00a0foi desenvolvido com o objetivo de atender \u00e0s necessidades de empresas, no que diz respeito \u00e0 alimenta\u00e7\u00e3o r\u00e1pida de seus colaboradores e clientes. \u00c9 uma lanchonete autom\u00e1tica, que se encaixa em qualquer lugar, ocupando um espe\u00e7o pequeno trazendo benef\u00edcios e comodidade.<\/p>\n<p>Al\u00e9m disso, a\u00a0<a href=\"http:\/\/www.clauwan.com.br\/blog\/categoria\/vending-machine\/\"><span style=\"color: #0000ff;\"><strong>loca\u00e7\u00e3o de maquina de lanches<\/strong><\/span><\/a>\u00a0proporciona uma variedade de bebidas e alimentos todos os dias para um desfrute completo das pessoas a um valor econ\u00f4mico e com versatilidade. Entre os benef\u00edcios da loca\u00e7\u00e3o de m\u00e1quinas de lanches, est\u00e3o, por exemplo:<\/p>\n<ul class=\"list\">\n<li>Modernidade e conforto: m\u00e1quinas modernas e autom\u00e1ticas;<\/li>\n<li>Variedade e qualidade nos produtos oferecidos;<\/li>\n<li>Visitas t\u00e9cnicas, operacionais e preventivas, realizadas periodicamente;<\/li>\n<li>Supervis\u00e3o e controle: transporte, armazenagem e distribui\u00e7\u00e3o dos produtos e insumos;<\/li>\n<\/ul>\n<h2>MELHOR SERVI\u00c7O DE LOCA\u00c7\u00c3O DE M\u00c1QUINA DE SNACKS<\/h2>\n<p>Com sede no Rio de Janeiro,\u00a0o <strong><a href=\"https:\/\/www.google.com\/search?q=grupo+clauwan&amp;rlz=1C1GCEU_pt-BRBR820BR821&amp;oq=grupo+clauwan&amp;aqs=chrome..69i57j46i175i199j69i60l2j69i61.4088j0j15&amp;sourceid=chrome&amp;ie=UTF-8\"><span style=\"color: #0000ff;\">Grupo Clauwan<\/span><\/a><\/strong> conta com uma completa e s\u00f3lida estrutura, ou seja,\u00a0 constantemente aprimorada, em sede pr\u00f3pria e bem localizada, desde 1987.<\/p>\n<p>Atrav\u00e9s de m\u00e1quinas modernas, \u00e9 poss\u00edvel oferecer a venda de bebidas e alimentos, 24 horas por dia, utilizando o servi\u00e7o de\u00a0loca\u00e7\u00e3o de m\u00e1quinas de snacks\u00a0que disp\u00f5e de toda a estrutura e comodidade de uma lanchonete ou refeit\u00f3rio por meio de m\u00e1quinas autom\u00e1ticas. Atendendo pequenas, m\u00e9dias e grandes empresas.<\/p>\n<div class=\"more\">\n<h4>Para saber mais sobre Loca\u00e7\u00e3o de maquina de lanches compacta e altamente flex\u00edvel<\/h4>\n<\/div>\n<p>M\u00e1quina de venda autom\u00e1tica de snacks, balas, doces, sucos, refrigerantes e muito mais. Ou seja, cada produto tem um pre\u00e7o de venda diferente. Aceitador de notas de 2,\u00a0 5 e 10 Reais e todas as moedas. D\u00e1 troco quando necess\u00e1rio, sempre em moedas.<\/p>\n<div class=\"o9v6fnle cxmmr5t8 oygrvhab hcukyx3x c1et5uql ii04i59q\">\n<div dir=\"auto\">Pe\u00e7a j\u00e1 a sua! <span class=\"pq6dq46d tbxw36s4 knj5qynh kvgmc6g5 ditlmg2l oygrvhab nvdbi5me sf5mxxl7 gl3lb2sf hhz5lgdu\"><img loading=\"lazy\" src=\"https:\/\/static.xx.fbcdn.net\/images\/emoji.php\/v9\/t4f\/1\/16\/1f447.png\" alt=\"\ud83d\udc47\" width=\"16\" height=\"16\" \/><\/span><\/div>\n<\/div>\n<div class=\"o9v6fnle cxmmr5t8 oygrvhab hcukyx3x c1et5uql ii04i59q\">\n<div dir=\"auto\"><span class=\"pq6dq46d tbxw36s4 knj5qynh kvgmc6g5 ditlmg2l oygrvhab nvdbi5me sf5mxxl7 gl3lb2sf hhz5lgdu\"><img loading=\"lazy\" src=\"https:\/\/static.xx.fbcdn.net\/images\/emoji.php\/v9\/td8\/1\/16\/1f4f2.png\" alt=\"\ud83d\udcf2\" width=\"16\" height=\"16\" \/><\/span> (21) 99139-5435<\/div>\n<div dir=\"auto\"><span class=\"pq6dq46d tbxw36s4 knj5qynh kvgmc6g5 ditlmg2l oygrvhab nvdbi5me sf5mxxl7 gl3lb2sf hhz5lgdu\"><img loading=\"lazy\" src=\"https:\/\/static.xx.fbcdn.net\/images\/emoji.php\/v9\/t4d\/1\/16\/1f4de.png\" alt=\"\ud83d\udcde\" width=\"16\" height=\"16\" \/><\/span>(21) 2577-3348<\/div>\n<div dir=\"auto\"><span class=\"pq6dq46d tbxw36s4 knj5qynh kvgmc6g5 ditlmg2l oygrvhab nvdbi5me sf5mxxl7 gl3lb2sf hhz5lgdu\"><img loading=\"lazy\" src=\"https:\/\/static.xx.fbcdn.net\/images\/emoji.php\/v9\/tbe\/1\/16\/1f4e7.png\" alt=\"\ud83d\udce7\" width=\"16\" height=\"16\" \/><\/span> comercial@clauwan.com.br<\/div>\n<div dir=\"auto\"><span class=\"pq6dq46d tbxw36s4 knj5qynh kvgmc6g5 ditlmg2l oygrvhab nvdbi5me sf5mxxl7 gl3lb2sf hhz5lgdu\"><img loading=\"lazy\" src=\"https:\/\/static.xx.fbcdn.net\/images\/emoji.php\/v9\/t2d\/1\/16\/1f4cd.png\" alt=\"\ud83d\udccd\" width=\"16\" height=\"16\" \/><\/span> Rua Teodoro da Silva, N.\u00ba 483 \u2013 Vila Isabel<\/div>\n<\/div>\n","protected":false},"excerpt":{"rendered":"<p>LOCA\u00c7\u00c3O DE M\u00c1QUINA DE SNACKS No entanto, com somente algumas medidas\u00a0 \u00e9 poss\u00edvel montar um refeit\u00f3rio completo em empresas, estabelecimentos comerciais, atrav\u00e9s da\u00a0loca\u00e7\u00e3o de m\u00e1quina de snacks. Com a m\u00e1quina, [&hellip;]<\/p>\n","protected":false},"author":1,"featured_media":0,"parent":0,"menu_order":0,"comment_status":"closed","ping_status":"closed","template":"","meta":[],"_links":{"self":[{"href":"https:\/\/www.clauwan.com.br\/blog\/wp-json\/wp\/v2\/pages\/42"}],"collection":[{"href":"https:\/\/www.clauwan.com.br\/blog\/wp-json\/wp\/v2\/pages"}],"about":[{"href":"https:\/\/www.clauwan.com.br\/blog\/wp-json\/wp\/v2\/types\/page"}],"author":[{"embeddable":true,"href":"https:\/\/www.clauwan.com.br\/blog\/wp-json\/wp\/v2\/users\/1"}],"replies":[{"embeddable":true,"href":"https:\/\/www.clauwan.com.br\/blog\/wp-json\/wp\/v2\/comments?post=42"}],"version-history":[{"count":5,"href":"https:\/\/www.clauwan.com.br\/blog\/wp-json\/wp\/v2\/pages\/42\/revisions"}],"predecessor-version":[{"id":1392,"href":"https:\/\/www.clauwan.com.br\/blog\/wp-json\/wp\/v2\/pages\/42\/revisions\/1392"}],"wp:attachment":[{"href":"https:\/\/www.clauwan.com.br\/blog\/wp-json\/wp\/v2\/media?parent=42"}],"curies":[{"name":"wp","href":"https:\/\/api.w.org\/{rel}","templated":true}]}}